{"id":5494,"date":"2021-07-19T13:43:40","date_gmt":"2021-07-19T16:43:40","guid":{"rendered":"https:\/\/previo.elecmetal.cl\/about-us\/history\/"},"modified":"2022-03-09T10:45:15","modified_gmt":"2022-03-09T13:45:15","slug":"history","status":"publish","type":"page","link":"https:\/\/int.me-elecmetal.com\/en-us\/about-us\/history\/","title":{"rendered":"History"},"content":{"rendered":"","protected":false},"excerpt":{"rendered":"","protected":false},"author":1,"featured_media":5499,"parent":5466,"menu_order":0,"comment_status":"closed","ping_status":"closed","template":"page-historia.php","meta":{"_acf_changed":false,"inline_featured_image":false,"footnotes":""},"tipo_de_pagina":[],"tipo_de_campana":[],"class_list":["post-5494","page","type-page","status-publish","has-post-thumbnail","hentry"],"acf":[],"yoast_head":"<!-- This site is optimized with the Yoast SEO plugin v27.1.1 - https:\/\/yoast.com\/product\/yoast-seo-wordpress\/ -->\n<title>History - ME Elecmetal - International<\/title>\n<meta name=\"robots\" content=\"index, follow, max-snippet:-1, max-image-preview:large, max-video-preview:-1\" \/>\n<link rel=\"canonical\" href=\"https:\/\/int.me-elecmetal.com\/en-us\/about-us\/history\/\" \/>\n<meta property=\"og:locale\" content=\"en_GB\" \/>\n<meta property=\"og:type\" content=\"article\" \/>\n<meta property=\"og:title\" content=\"History - ME Elecmetal - International\" \/>\n<meta property=\"og:url\" content=\"https:\/\/int.me-elecmetal.com\/en-us\/about-us\/history\/\" \/>\n<meta property=\"og:site_name\" content=\"ME Elecmetal - International\" \/>\n<meta property=\"article:modified_time\" content=\"2022-03-09T13:45:15+00:00\" \/>\n<meta property=\"og:image\" content=\"https:\/\/int.me-elecmetal.com\/wp-content\/uploads\/sites\/3\/2021\/11\/Historia-ME-Elecmetal.png\" \/>\n\t<meta property=\"og:image:width\" content=\"1881\" \/>\n\t<meta property=\"og:image:height\" content=\"784\" \/>\n\t<meta property=\"og:image:type\" content=\"image\/png\" \/>\n<meta name=\"twitter:card\" content=\"summary_large_image\" \/>\n<script type=\"application\/ld+json\" class=\"yoast-schema-graph\">{\"@context\":\"https:\/\/schema.org\",\"@graph\":[{\"@type\":\"WebPage\",\"@id\":\"https:\/\/int.me-elecmetal.com\/en-us\/about-us\/history\/\",\"url\":\"https:\/\/int.me-elecmetal.com\/en-us\/about-us\/history\/\",\"name\":\"History - ME Elecmetal - International\",\"isPartOf\":{\"@id\":\"https:\/\/int.me-elecmetal.com\/en-us\/#website\"},\"primaryImageOfPage\":{\"@id\":\"https:\/\/int.me-elecmetal.com\/en-us\/about-us\/history\/#primaryimage\"},\"image\":{\"@id\":\"https:\/\/int.me-elecmetal.com\/en-us\/about-us\/history\/#primaryimage\"},\"thumbnailUrl\":\"https:\/\/int.me-elecmetal.com\/wp-content\/uploads\/sites\/3\/2021\/11\/Historia-ME-Elecmetal.png\",\"datePublished\":\"2021-07-19T16:43:40+00:00\",\"dateModified\":\"2022-03-09T13:45:15+00:00\",\"breadcrumb\":{\"@id\":\"https:\/\/int.me-elecmetal.com\/en-us\/about-us\/history\/#breadcrumb\"},\"inLanguage\":\"en-GB\",\"potentialAction\":[{\"@type\":\"ReadAction\",\"target\":[\"https:\/\/int.me-elecmetal.com\/en-us\/about-us\/history\/\"]}]},{\"@type\":\"ImageObject\",\"inLanguage\":\"en-GB\",\"@id\":\"https:\/\/int.me-elecmetal.com\/en-us\/about-us\/history\/#primaryimage\",\"url\":\"https:\/\/int.me-elecmetal.com\/wp-content\/uploads\/sites\/3\/2021\/11\/Historia-ME-Elecmetal.png\",\"contentUrl\":\"https:\/\/int.me-elecmetal.com\/wp-content\/uploads\/sites\/3\/2021\/11\/Historia-ME-Elecmetal.png\",\"width\":1881,\"height\":784,\"caption\":\"n Chile se funda Compa\u00f1\u00eda Electro Metal\u00fargica S.A., Elecmetal instala el primer horno de arco el\u00e9ctrico para fundici\u00f3n de acero en Am\u00e9rica Latina. En forma paralela, en Estados Unidos comienza sus operaciones la sociedad Minneapolis Electric Steel Casting (ME).\"},{\"@type\":\"BreadcrumbList\",\"@id\":\"https:\/\/int.me-elecmetal.com\/en-us\/about-us\/history\/#breadcrumb\",\"itemListElement\":[{\"@type\":\"ListItem\",\"position\":1,\"name\":\"Portada\",\"item\":\"https:\/\/int.me-elecmetal.com\/en-us\/\"},{\"@type\":\"ListItem\",\"position\":2,\"name\":\"About Us\",\"item\":\"https:\/\/int.me-elecmetal.com\/en-us\/about-us\/\"},{\"@type\":\"ListItem\",\"position\":3,\"name\":\"History\"}]},{\"@type\":\"WebSite\",\"@id\":\"https:\/\/int.me-elecmetal.com\/en-us\/#website\",\"url\":\"https:\/\/int.me-elecmetal.com\/en-us\/\",\"name\":\"ME Elecmetal - International\",\"description\":\"Presencia y Distribuci\u00f3n Global\",\"potentialAction\":[{\"@type\":\"SearchAction\",\"target\":{\"@type\":\"EntryPoint\",\"urlTemplate\":\"https:\/\/int.me-elecmetal.com\/en-us\/?s={search_term_string}\"},\"query-input\":{\"@type\":\"PropertyValueSpecification\",\"valueRequired\":true,\"valueName\":\"search_term_string\"}}],\"inLanguage\":\"en-GB\"}]}<\/script>\n<!-- \/ Yoast SEO plugin. -->","yoast_head_json":{"title":"History - ME Elecmetal - International","robots":{"index":"index","follow":"follow","max-snippet":"max-snippet:-1","max-image-preview":"max-image-preview:large","max-video-preview":"max-video-preview:-1"},"canonical":"https:\/\/int.me-elecmetal.com\/en-us\/about-us\/history\/","og_locale":"en_GB","og_type":"article","og_title":"History - ME Elecmetal - International","og_url":"https:\/\/int.me-elecmetal.com\/en-us\/about-us\/history\/","og_site_name":"ME Elecmetal - International","article_modified_time":"2022-03-09T13:45:15+00:00","og_image":[{"width":1881,"height":784,"url":"https:\/\/int.me-elecmetal.com\/wp-content\/uploads\/sites\/3\/2021\/11\/Historia-ME-Elecmetal.png","type":"image\/png"}],"twitter_card":"summary_large_image","schema":{"@context":"https:\/\/schema.org","@graph":[{"@type":"WebPage","@id":"https:\/\/int.me-elecmetal.com\/en-us\/about-us\/history\/","url":"https:\/\/int.me-elecmetal.com\/en-us\/about-us\/history\/","name":"History - ME Elecmetal - International","isPartOf":{"@id":"https:\/\/int.me-elecmetal.com\/en-us\/#website"},"primaryImageOfPage":{"@id":"https:\/\/int.me-elecmetal.com\/en-us\/about-us\/history\/#primaryimage"},"image":{"@id":"https:\/\/int.me-elecmetal.com\/en-us\/about-us\/history\/#primaryimage"},"thumbnailUrl":"https:\/\/int.me-elecmetal.com\/wp-content\/uploads\/sites\/3\/2021\/11\/Historia-ME-Elecmetal.png","datePublished":"2021-07-19T16:43:40+00:00","dateModified":"2022-03-09T13:45:15+00:00","breadcrumb":{"@id":"https:\/\/int.me-elecmetal.com\/en-us\/about-us\/history\/#breadcrumb"},"inLanguage":"en-GB","potentialAction":[{"@type":"ReadAction","target":["https:\/\/int.me-elecmetal.com\/en-us\/about-us\/history\/"]}]},{"@type":"ImageObject","inLanguage":"en-GB","@id":"https:\/\/int.me-elecmetal.com\/en-us\/about-us\/history\/#primaryimage","url":"https:\/\/int.me-elecmetal.com\/wp-content\/uploads\/sites\/3\/2021\/11\/Historia-ME-Elecmetal.png","contentUrl":"https:\/\/int.me-elecmetal.com\/wp-content\/uploads\/sites\/3\/2021\/11\/Historia-ME-Elecmetal.png","width":1881,"height":784,"caption":"n Chile se funda Compa\u00f1\u00eda Electro Metal\u00fargica S.A., Elecmetal instala el primer horno de arco el\u00e9ctrico para fundici\u00f3n de acero en Am\u00e9rica Latina. En forma paralela, en Estados Unidos comienza sus operaciones la sociedad Minneapolis Electric Steel Casting (ME)."},{"@type":"BreadcrumbList","@id":"https:\/\/int.me-elecmetal.com\/en-us\/about-us\/history\/#breadcrumb","itemListElement":[{"@type":"ListItem","position":1,"name":"Portada","item":"https:\/\/int.me-elecmetal.com\/en-us\/"},{"@type":"ListItem","position":2,"name":"About Us","item":"https:\/\/int.me-elecmetal.com\/en-us\/about-us\/"},{"@type":"ListItem","position":3,"name":"History"}]},{"@type":"WebSite","@id":"https:\/\/int.me-elecmetal.com\/en-us\/#website","url":"https:\/\/int.me-elecmetal.com\/en-us\/","name":"ME Elecmetal - International","description":"Presencia y Distribuci\u00f3n Global","potentialAction":[{"@type":"SearchAction","target":{"@type":"EntryPoint","urlTemplate":"https:\/\/int.me-elecmetal.com\/en-us\/?s={search_term_string}"},"query-input":{"@type":"PropertyValueSpecification","valueRequired":true,"valueName":"search_term_string"}}],"inLanguage":"en-GB"}]}},"_links":{"self":[{"href":"https:\/\/int.me-elecmetal.com\/en-us\/wp-json\/wp\/v2\/pages\/5494","targetHints":{"allow":["GET"]}}],"collection":[{"href":"https:\/\/int.me-elecmetal.com\/en-us\/wp-json\/wp\/v2\/pages"}],"about":[{"href":"https:\/\/int.me-elecmetal.com\/en-us\/wp-json\/wp\/v2\/types\/page"}],"author":[{"embeddable":true,"href":"https:\/\/int.me-elecmetal.com\/en-us\/wp-json\/wp\/v2\/users\/1"}],"replies":[{"embeddable":true,"href":"https:\/\/int.me-elecmetal.com\/en-us\/wp-json\/wp\/v2\/comments?post=5494"}],"version-history":[{"count":3,"href":"https:\/\/int.me-elecmetal.com\/en-us\/wp-json\/wp\/v2\/pages\/5494\/revisions"}],"predecessor-version":[{"id":9026,"href":"https:\/\/int.me-elecmetal.com\/en-us\/wp-json\/wp\/v2\/pages\/5494\/revisions\/9026"}],"up":[{"embeddable":true,"href":"https:\/\/int.me-elecmetal.com\/en-us\/wp-json\/wp\/v2\/pages\/5466"}],"wp:featuredmedia":[{"embeddable":true,"href":"https:\/\/int.me-elecmetal.com\/en-us\/wp-json\/wp\/v2\/media\/5499"}],"wp:attachment":[{"href":"https:\/\/int.me-elecmetal.com\/en-us\/wp-json\/wp\/v2\/media?parent=5494"}],"wp:term":[{"taxonomy":"tipo_de_pagina","embeddable":true,"href":"https:\/\/int.me-elecmetal.com\/en-us\/wp-json\/wp\/v2\/tipo_de_pagina?post=5494"},{"taxonomy":"tipo_de_campana","embeddable":true,"href":"https:\/\/int.me-elecmetal.com\/en-us\/wp-json\/wp\/v2\/tipo_de_campana?post=5494"}],"curies":[{"name":"wp","href":"https:\/\/api.w.org\/{rel}","templated":true}]}}